{"id":405,"date":"2024-10-28T09:21:41","date_gmt":"2024-10-28T08:21:41","guid":{"rendered":"https:\/\/www.foerderverein-marienschule-roxel.de\/NeueSeite\/?page_id=405"},"modified":"2024-11-02T21:14:16","modified_gmt":"2024-11-02T20:14:16","slug":"spass-mit-reifen-und-ball","status":"publish","type":"page","link":"https:\/\/www.foerderverein-marienschule-roxel.de\/NeueSeite\/spass-mit-reifen-und-ball\/","title":{"rendered":"Spa\u00df mit Reifen und Ball"},"content":{"rendered":"\n<p>Artikel WN 23.10.2024<\/p>\n\n\n\n<figure class=\"wp-block-image size-large\"><img fetchpriority=\"high\" decoding=\"async\" width=\"1024\" height=\"851\" src=\"https:\/\/www.foerderverein-marienschule-roxel.de\/NeueSeite\/wp-content\/uploads\/2024\/10\/Spass-mit-Reifen-und-Ball-Fotot-1-1024x851.jpg\" alt=\"\" class=\"wp-image-426\" srcset=\"https:\/\/www.foerderverein-marienschule-roxel.de\/NeueSeite\/wp-content\/uploads\/2024\/10\/Spass-mit-Reifen-und-Ball-Fotot-1-1024x851.jpg 1024w, https:\/\/www.foerderverein-marienschule-roxel.de\/NeueSeite\/wp-content\/uploads\/2024\/10\/Spass-mit-Reifen-und-Ball-Fotot-1-300x249.jpg 300w, https:\/\/www.foerderverein-marienschule-roxel.de\/NeueSeite\/wp-content\/uploads\/2024\/10\/Spass-mit-Reifen-und-Ball-Fotot-1-768x638.jpg 768w, https:\/\/www.foerderverein-marienschule-roxel.de\/NeueSeite\/wp-content\/uploads\/2024\/10\/Spass-mit-Reifen-und-Ball-Fotot-1.jpg 1280w\" sizes=\"(max-width: 1024px) 100vw, 1024px\" \/><\/figure>\n\n\n\n<p>OGS \u2013 Betreuung mit Sportteam<\/p>\n\n\n\n<p><strong><u>Spa\u00df mit Reifen und Ball<\/u><\/strong><\/p>\n\n\n\n<p>Das Sportteam des F\u00f6rdervereins unterst\u00fctzte in den Herbstferien die Betreuung an der Offenen Ganztagsschule (OGS) laut Pressemitteilung mit einem abwechslungsreichen Programm.<\/p>\n\n\n\n<p>Dazu geh\u00f6rten Fantasiereisen und Spielformen mit den Kleinger\u00e4ten: Reifen, T\u00fcchern, S\u00e4ckchen und Ball ergaben eine Vielzahl von Bewegungsm\u00f6glichkeiten, die von den Betreuern aufwendig vorbereitet und mit viel Engagement durchgef\u00fchrt worden sein, hei\u00dft es in der Mitteilung weiter:\u201cF\u00fcr jeden war etwas dabei\u201c.<\/p>\n\n\n\n<p>Kr\u00f6nender Abschluss am letzten Betreuungstag sei das Fliegenklatschen-Hockey-Turnier gewesen, gespielt mit kleinen Softb\u00e4llen.<\/p>\n\n\n\n<p>Der F\u00f6rderverein bedankt sich bei der \u201eAktion Mensch\u201c, die das Projekt finanziert hat.<\/p>\n\n\n\n<p><\/p>\n\n\n\n<figure class=\"wp-block-image size-large\"><img decoding=\"async\" width=\"1024\" height=\"462\" src=\"https:\/\/www.foerderverein-marienschule-roxel.de\/NeueSeite\/wp-content\/uploads\/2024\/10\/Spass-mit-Reifen-und-Ball-Kind-1-1024x462.jpg\" alt=\"\" class=\"wp-image-427\" srcset=\"https:\/\/www.foerderverein-marienschule-roxel.de\/NeueSeite\/wp-content\/uploads\/2024\/10\/Spass-mit-Reifen-und-Ball-Kind-1-1024x462.jpg 1024w, https:\/\/www.foerderverein-marienschule-roxel.de\/NeueSeite\/wp-content\/uploads\/2024\/10\/Spass-mit-Reifen-und-Ball-Kind-1-300x135.jpg 300w, https:\/\/www.foerderverein-marienschule-roxel.de\/NeueSeite\/wp-content\/uploads\/2024\/10\/Spass-mit-Reifen-und-Ball-Kind-1-768x346.jpg 768w, https:\/\/www.foerderverein-marienschule-roxel.de\/NeueSeite\/wp-content\/uploads\/2024\/10\/Spass-mit-Reifen-und-Ball-Kind-1.jpg 1280w\" sizes=\"(max-width: 1024px) 100vw, 1024px\" \/><\/figure>\n\n\n\n<p>Auch Traumreisen und Entspannung geh\u00f6rten dazu. Hier wurde Atem sichtbar gemacht. Durch das Ein- und Ausatmen bewegt sich der Brustkorb und das selbst gebastelte Schiffchen hebt und senkt sich. Die rote Fahne flattert beim Ausatmen.<\/p>\n","protected":false},"excerpt":{"rendered":"<p>Artikel WN 23.10.2024 OGS \u2013 Betreuung mit Sportteam Spa\u00df mit Reifen und Ball Das Sportteam des F\u00f6rdervereins unterst\u00fctzte in den Herbstferien die Betreuung an der Offenen Ganztagsschule (OGS) laut Pressemitteilung mit einem abwechslungsreichen Programm. Dazu geh\u00f6rten Fantasiereisen und Spielformen mit den Kleinger\u00e4ten: Reifen, T\u00fcchern, S\u00e4ckchen und Ball ergaben eine Vielzahl von Bewegungsm\u00f6glichkeiten, die von den [&hellip;]<\/p>\n","protected":false},"author":1,"featured_media":0,"parent":0,"menu_order":0,"comment_status":"closed","ping_status":"closed","template":"","meta":{"ocean_post_layout":"","ocean_both_sidebars_style":"","ocean_both_sidebars_content_width":0,"ocean_both_sidebars_sidebars_width":0,"ocean_sidebar":"","ocean_second_sidebar":"","ocean_disable_margins":"enable","ocean_add_body_class":"","ocean_shortcode_before_top_bar":"","ocean_shortcode_after_top_bar":"","ocean_shortcode_before_header":"","ocean_shortcode_after_header":"","ocean_has_shortcode":"","ocean_shortcode_after_title":"","ocean_shortcode_before_footer_widgets":"","ocean_shortcode_after_footer_widgets":"","ocean_shortcode_before_footer_bottom":"","ocean_shortcode_after_footer_bottom":"","ocean_display_top_bar":"default","ocean_display_header":"default","ocean_header_style":"","ocean_center_header_left_menu":"","ocean_custom_header_template":"","ocean_custom_logo":0,"ocean_custom_retina_logo":0,"ocean_custom_logo_max_width":0,"ocean_custom_logo_tablet_max_width":0,"ocean_custom_logo_mobile_max_width":0,"ocean_custom_logo_max_height":0,"ocean_custom_logo_tablet_max_height":0,"ocean_custom_logo_mobile_max_height":0,"ocean_header_custom_menu":"","ocean_menu_typo_font_family":"","ocean_menu_typo_font_subset":"","ocean_menu_typo_font_size":0,"ocean_menu_typo_font_size_tablet":0,"ocean_menu_typo_font_size_mobile":0,"ocean_menu_typo_font_size_unit":"px","ocean_menu_typo_font_weight":"","ocean_menu_typo_font_weight_tablet":"","ocean_menu_typo_font_weight_mobile":"","ocean_menu_typo_transform":"","ocean_menu_typo_transform_tablet":"","ocean_menu_typo_transform_mobile":"","ocean_menu_typo_line_height":0,"ocean_menu_typo_line_height_tablet":0,"ocean_menu_typo_line_height_mobile":0,"ocean_menu_typo_line_height_unit":"","ocean_menu_typo_spacing":0,"ocean_menu_typo_spacing_tablet":0,"ocean_menu_typo_spacing_mobile":0,"ocean_menu_typo_spacing_unit":"","ocean_menu_link_color":"","ocean_menu_link_color_hover":"","ocean_menu_link_color_active":"","ocean_menu_link_background":"","ocean_menu_link_hover_background":"","ocean_menu_link_active_background":"","ocean_menu_social_links_bg":"","ocean_menu_social_hover_links_bg":"","ocean_menu_social_links_color":"","ocean_menu_social_hover_links_color":"","ocean_disable_title":"default","ocean_disable_heading":"default","ocean_post_title":"","ocean_post_subheading":"","ocean_post_title_style":"","ocean_post_title_background_color":"","ocean_post_title_background":0,"ocean_post_title_bg_image_position":"","ocean_post_title_bg_image_attachment":"","ocean_post_title_bg_image_repeat":"","ocean_post_title_bg_image_size":"","ocean_post_title_height":0,"ocean_post_title_bg_overlay":0.5,"ocean_post_title_bg_overlay_color":"","ocean_disable_breadcrumbs":"default","ocean_breadcrumbs_color":"","ocean_breadcrumbs_separator_color":"","ocean_breadcrumbs_links_color":"","ocean_breadcrumbs_links_hover_color":"","ocean_display_footer_widgets":"default","ocean_display_footer_bottom":"default","ocean_custom_footer_template":"","footnotes":""},"class_list":["post-405","page","type-page","status-publish","hentry","entry"],"_links":{"self":[{"href":"https:\/\/www.foerderverein-marienschule-roxel.de\/NeueSeite\/wp-json\/wp\/v2\/pages\/405","targetHints":{"allow":["GET"]}}],"collection":[{"href":"https:\/\/www.foerderverein-marienschule-roxel.de\/NeueSeite\/wp-json\/wp\/v2\/pages"}],"about":[{"href":"https:\/\/www.foerderverein-marienschule-roxel.de\/NeueSeite\/wp-json\/wp\/v2\/types\/page"}],"author":[{"embeddable":true,"href":"https:\/\/www.foerderverein-marienschule-roxel.de\/NeueSeite\/wp-json\/wp\/v2\/users\/1"}],"replies":[{"embeddable":true,"href":"https:\/\/www.foerderverein-marienschule-roxel.de\/NeueSeite\/wp-json\/wp\/v2\/comments?post=405"}],"version-history":[{"count":6,"href":"https:\/\/www.foerderverein-marienschule-roxel.de\/NeueSeite\/wp-json\/wp\/v2\/pages\/405\/revisions"}],"predecessor-version":[{"id":430,"href":"https:\/\/www.foerderverein-marienschule-roxel.de\/NeueSeite\/wp-json\/wp\/v2\/pages\/405\/revisions\/430"}],"wp:attachment":[{"href":"https:\/\/www.foerderverein-marienschule-roxel.de\/NeueSeite\/wp-json\/wp\/v2\/media?parent=405"}],"curies":[{"name":"wp","href":"https:\/\/api.w.org\/{rel}","templated":true}]}}